{"id":12,"date":"2024-01-02T20:55:50","date_gmt":"2024-01-02T20:55:50","guid":{"rendered":"http:\/\/annalindh.org.pe\/?page_id=12"},"modified":"2025-01-14T20:52:34","modified_gmt":"2025-01-14T20:52:34","slug":"inicio","status":"publish","type":"page","link":"https:\/\/annalindh.org.pe\/","title":{"rendered":"Inicio"},"content":{"rendered":"\t\t<div data-elementor-type=\"wp-page\" data-elementor-id=\"12\" class=\"elementor elementor-12\">\n\t\t\t\t\t\t\t<div class=\"elementor-element elementor-element-d77feaa e-flex e-con-boxed e-con e-parent\" data-id=\"d77feaa\" data-element_type=\"container\" data-settings=\"{&quot;content_width&quot;:&quot;boxed&quot;}\" data-core-v316-plus=\"true\">\n\t\t\t\t\t<div class=\"e-con-inner\">\n\t\t<div class=\"elementor-element elementor-element-ef74758 e-flex e-con-boxed e-con e-child\" data-id=\"ef74758\" data-element_type=\"container\" data-settings=\"{&quot;content_width&quot;:&quot;boxed&quot;}\">\n\t\t\t\t\t<div class=\"e-con-inner\">\n\t\t<div class=\"elementor-element elementor-element-9ca494c e-flex e-con-boxed e-con e-child\" data-id=\"9ca494c\" data-element_type=\"container\" data-settings=\"{&quot;content_width&quot;:&quot;boxed&quot;}\">\n\t\t\t\t\t<div class=\"e-con-inner\">\n\t\t\t\t<div class=\"elementor-element elementor-element-b357b7e elementor-position-top elementor-widget elementor-widget-image-box\" data-id=\"b357b7e\" data-element_type=\"widget\" data-widget_type=\"image-box.default\">\n\t\t\t\t<div class=\"elementor-widget-container\">\n\t\t\t<style>\/*! elementor - v3.18.0 - 20-12-2023 *\/\n.elementor-widget-image-box .elementor-image-box-content{width:100%}@media (min-width:768px){.elementor-widget-image-box.elementor-position-left .elementor-image-box-wrapper,.elementor-widget-image-box.elementor-position-right .elementor-image-box-wrapper{display:flex}.elementor-widget-image-box.elementor-position-right .elementor-image-box-wrapper{text-align:right;flex-direction:row-reverse}.elementor-widget-image-box.elementor-position-left .elementor-image-box-wrapper{text-align:left;flex-direction:row}.elementor-widget-image-box.elementor-position-top .elementor-image-box-img{margin:auto}.elementor-widget-image-box.elementor-vertical-align-top .elementor-image-box-wrapper{align-items:flex-start}.elementor-widget-image-box.elementor-vertical-align-middle .elementor-image-box-wrapper{align-items:center}.elementor-widget-image-box.elementor-vertical-align-bottom .elementor-image-box-wrapper{align-items:flex-end}}@media (max-width:767px){.elementor-widget-image-box .elementor-image-box-img{margin-left:auto!important;margin-right:auto!important;margin-bottom:15px}}.elementor-widget-image-box .elementor-image-box-img{display:inline-block}.elementor-widget-image-box .elementor-image-box-title a{color:inherit}.elementor-widget-image-box .elementor-image-box-wrapper{text-align:center}.elementor-widget-image-box .elementor-image-box-description{margin:0}<\/style><div class=\"elementor-image-box-wrapper\"><figure class=\"elementor-image-box-img\"><a href=\"https:\/\/annalindh.org.pe\/index.php\/convocatoria-orgullo-peruano\/\" tabindex=\"-1\"><img decoding=\"async\" width=\"1108\" height=\"513\" src=\"https:\/\/annalindh.org.pe\/wp-content\/uploads\/2025\/01\/2024-01.jpg\" class=\"attachment-full size-full wp-image-452\" alt=\"\" srcset=\"https:\/\/annalindh.org.pe\/wp-content\/uploads\/2025\/01\/2024-01.jpg 1108w, https:\/\/annalindh.org.pe\/wp-content\/uploads\/2025\/01\/2024-01-300x139.jpg 300w, https:\/\/annalindh.org.pe\/wp-content\/uploads\/2025\/01\/2024-01-1024x474.jpg 1024w, https:\/\/annalindh.org.pe\/wp-content\/uploads\/2025\/01\/2024-01-768x356.jpg 768w\" sizes=\"(max-width: 1108px) 100vw, 1108px\" \/><\/a><\/figure><div class=\"elementor-image-box-content\"><h3 class=\"elementor-image-box-title\"><a href=\"https:\/\/annalindh.org.pe\/index.php\/convocatoria-orgullo-peruano\/\">La ONG Anna Lindh y el Club de la Uni\u00f3n oficializaron la convocatoria para las postulaciones y nominaciones al Premio: \u201cOrgullo Peruano 2025\u201d.<\/a><\/h3><\/div><\/div>\t\t<\/div>\n\t\t\t\t<\/div>\n\t\t\t\t\t<\/div>\n\t\t\t\t<\/div>\n\t\t<div class=\"elementor-element elementor-element-32e6278 e-flex e-con-boxed e-con e-child\" data-id=\"32e6278\" data-element_type=\"container\" data-settings=\"{&quot;content_width&quot;:&quot;boxed&quot;}\">\n\t\t\t\t\t<div class=\"e-con-inner\">\n\t\t\t\t<div class=\"elementor-element elementor-element-ef13901 elementor-position-top elementor-widget elementor-widget-image-box\" data-id=\"ef13901\" data-element_type=\"widget\" data-widget_type=\"image-box.default\">\n\t\t\t\t<div class=\"elementor-widget-container\">\n\t\t\t<div class=\"elementor-image-box-wrapper\"><figure class=\"elementor-image-box-img\"><a href=\"https:\/\/annalindh.org.pe\/index.php\/pasantias\/\" tabindex=\"-1\"><img loading=\"lazy\" decoding=\"async\" width=\"1108\" height=\"513\" src=\"https:\/\/annalindh.org.pe\/wp-content\/uploads\/2025\/01\/Sin-titulo-2-02.jpg\" class=\"attachment-full size-full wp-image-472\" alt=\"\" srcset=\"https:\/\/annalindh.org.pe\/wp-content\/uploads\/2025\/01\/Sin-titulo-2-02.jpg 1108w, https:\/\/annalindh.org.pe\/wp-content\/uploads\/2025\/01\/Sin-titulo-2-02-300x139.jpg 300w, https:\/\/annalindh.org.pe\/wp-content\/uploads\/2025\/01\/Sin-titulo-2-02-1024x474.jpg 1024w, https:\/\/annalindh.org.pe\/wp-content\/uploads\/2025\/01\/Sin-titulo-2-02-768x356.jpg 768w\" sizes=\"(max-width: 1108px) 100vw, 1108px\" \/><\/a><\/figure><div class=\"elementor-image-box-content\"><h3 class=\"elementor-image-box-title\"><a href=\"https:\/\/annalindh.org.pe\/index.php\/pasantias\/\">Invitaci\u00f3n a Participar de las Pasant\u00edas de Intercambio de Experiencias Gubernamentales en Europa 2025<\/a><\/h3><\/div><\/div>\t\t<\/div>\n\t\t\t\t<\/div>\n\t\t\t\t\t<\/div>\n\t\t\t\t<\/div>\n\t\t\t\t\t<\/div>\n\t\t\t\t<\/div>\n\t\t\t\t\t<\/div>\n\t\t\t\t<\/div>\n\t\t\t\t<section class=\"elementor-section elementor-top-section elementor-element elementor-element-4ca6f74 elementor-hidden-desktop elementor-hidden-tablet elementor-hidden-mobile elementor-section-boxed elementor-section-height-default elementor-section-height-default\" data-id=\"4ca6f74\" data-element_type=\"section\" data-settings=\"{&quot;background_background&quot;:&quot;classic&quot;}\">\n\t\t\t\t\t\t<div class=\"elementor-container elementor-column-gap-default\">\n\t\t\t\t\t<div class=\"elementor-column elementor-col-100 elementor-top-column elementor-element elementor-element-51a3ab3\" data-id=\"51a3ab3\" data-element_type=\"column\">\n\t\t\t<div class=\"elementor-widget-wrap elementor-element-populated\">\n\t\t\t\t\t\t\t\t<div class=\"elementor-element elementor-element-dbb461c elementor-widget elementor-widget-ucaddon_post_grid\" data-id=\"dbb461c\" data-element_type=\"widget\" data-widget_type=\"ucaddon_post_grid.default\">\n\t\t\t\t<div class=\"elementor-widget-container\">\n\t\t\t<!-- start Post Grid -->\n\t\t<link id='font-awesome-css' href='https:\/\/annalindh.org.pe\/wp-content\/plugins\/unlimited-elements-for-elementor-premium\/assets_libraries\/font-awesome5\/css\/fontawesome-all.min.css' type='text\/css' rel='stylesheet' >\n\t\t<link id='font-awesome-4-shim-css' href='https:\/\/annalindh.org.pe\/wp-content\/plugins\/unlimited-elements-for-elementor-premium\/assets_libraries\/font-awesome5\/css\/fontawesome-v4-shims.css' type='text\/css' rel='stylesheet' >\n\n\t\t\t<style type=\"text\/css\">\/* widget: Post Grid *\/\n\n\n\n#uc_post_grid_elementor_dbb461c.uc_post_grid_style_one .uc_post_grid_style_one_wrap {\n   display:grid;\n}\n\n\n#uc_post_grid_elementor_dbb461c .uc_post_grid_style_one_item\n{\n  position:relative;\n}\n\n#uc_post_grid_elementor_dbb461c .uc_post_image\n{\n  transition:0.3s;\n  position:relative;\n  overflow:hidden;\n}\n\n#uc_post_grid_elementor_dbb461c .uc_post_image img\n{\n  width:100%;\n  display:block;\n  transition:0.3s;\n}\n\n\n\t\n\n\n\n\n\n\n#uc_post_grid_elementor_dbb461c .uc_post_image_overlay\n{\n  position:absolute;\n  top:0px;\n  left:0px;\n  height:100%;\n  width:100%;\n  transition:0.3s;\n}\n\n#uc_post_grid_elementor_dbb461c .uc_more_btn-custom-field\n{\n  display:inline-block;\n  text-align:center;\n  text-decoration:none;\n  transition:0.3s;\n}\n\n#uc_post_grid_elementor_dbb461c .uc_more_btn\n{\n  display:inline-block;\n  text-align:center;\n  text-decoration:none;\n  transition:0.3s;\n}\n\n.ue-grid-item-category a\n{\n  display:inline-block;\n  font-size:10px;\n  \n}\n.uc_post_title\n{\n  font-size:21px;\n}\n\n\n\n#uc_post_grid_elementor_dbb461c .ue_post_grid_item\n{\n  display:flex;\n  flex-direction:column;\n}\n\n#uc_post_grid_elementor_dbb461c.uc_post_grid_style_one .uc_content{\n flex-grow:1;\n}\n\n#uc_post_grid_elementor_dbb461c.uc_post_grid_style_one .uc_content > div\n{\n  height:100%;\n  display:flex;\n  flex-direction:column;\n  }\n\n  \n\n\n\n\n\t#uc_post_grid_elementor_dbb461c.uc_post_grid_style_one .uc_content{\n     margin-left:20px;\n      margin-right:20px;\n      margin-top:-30px;\n      position:relative;\n    }\n\n\n\n\n\n\n\n\n\n\n\n\n\n\n\n\n\n\n#uc_post_grid_elementor_dbb461c .ue-meta-data\n{\n  \n  display:flex;\n\n  flex-wrap: wrap;\n  line-height:1em;\n}\n\n#uc_post_grid_elementor_dbb461c .ue-grid-item-meta-data\n{\n      display:inline-flex;\n      align-items:center;\n}\n\n#uc_post_grid_elementor_dbb461c .ue-grid-item-meta-data a{\n  color:inherit;\n}\n\n.ue-grid-item-meta-data\n{\n  font-size:12px;\n}\n\n#uc_post_grid_elementor_dbb461c .ue-grid-item-meta-data-icon\n{\n  line-height:1em;\n}\n\n#uc_post_grid_elementor_dbb461c .ue-grid-item-meta-data-icon svg\n{\n  width:1em;\n  height:1em;\n}\n\n#uc_post_grid_elementor_dbb461c .ue-debug-meta\n{\n  padding:10px;\n  border:1px solid red;\n  position:relative;\n  line-height:1.5em;\n  font-size:11px;\n  width:100%;\n}\n\n#uc_post_grid_elementor_dbb461c .uc_btn_inner\n{\n  display:inline-flex;\n  align-items:center;\n}\n\n#uc_post_grid_elementor_dbb461c .uc_btn_inner svg\n{\n  width:1em;\n  height:1em;\n}\n\n\n\n\n\n<\/style>\n\n\t\t\t<div class=\"uc_post_grid_style_one uc-filterable-grid \" id=\"uc_post_grid_elementor_dbb461c\"  data-ajax='true'  data-filterbehave='ajax'  querydata='{&quot;count_posts&quot;:2,&quot;total_posts&quot;:2,&quot;page&quot;:1,&quot;num_pages&quot;:1}' >\n\t\t<div class=\"uc_post_grid_style_one_wrap ue_post_grid uc-items-wrapper\">\n\t\t\t<div id=\"uc_post_grid_elementor_dbb461c_item1\" class=\"uc_post_grid_style_one_item ue_post_grid_item ue-item \">\n  \n      <a class=\"uc_post_grid_style_one_image \" href='https:\/\/annalindh.org.pe\/index.php\/2024\/01\/29\/convocatorio-al-premio-orgullo-peruano-2024\/' target=\"_self\">\n     <div class=\"uc_post_image\">\n     <img loading=\"lazy\" decoding=\"async\" src=\"https:\/\/annalindh.org.pe\/wp-content\/uploads\/2024\/01\/Ganadores-Orgullo-Peruano-768x512.jpg\"  src=\"https:\/\/annalindh.org.pe\/wp-content\/uploads\/2024\/01\/Ganadores-Orgullo-Peruano-768x512.jpg\" alt=\"Ganadores-Orgullo-Peruano\" width=\"768\" height=\"512\">\n     <div class=\"uc_post_image_overlay\"><\/div>\n     <\/div>\n    <\/a>\n   \n  <div class=\"uc_content\">\n    <div>\n      <div class=\"uc_content-info-wrapper\" >\n             \n    \t        \t\t\t      \t\t\t\t<div class=\"uc_post_title\"><a class=\"\" href='https:\/\/annalindh.org.pe\/index.php\/2024\/01\/29\/convocatorio-al-premio-orgullo-peruano-2024\/' target=\"_self\"><div class=\"ue_p_title\">Convocatorio al Premio Orgullo Peruano 2024<\/div><\/a><\/div>\n      \t\t\t          \t\n                      \n                      \n\t\t  \n      \t  <div class=\"ue-meta-data\">\n                        \n                        \n        \n\t\t\t\n                        \n                        \n                        \n                        \n            \t\t\t\n              \n            \n          <\/div>\n     \n                           \n     <\/div>\n      \t<\/div>\n  <\/div>\n  <\/div>\n<div id=\"uc_post_grid_elementor_dbb461c_item2\" class=\"uc_post_grid_style_one_item ue_post_grid_item ue-item \">\n  \n      <a class=\"uc_post_grid_style_one_image \" href='https:\/\/annalindh.org.pe\/index.php\/2024\/01\/29\/invitacion-a-participar-de-las-pasantias-de-intercambio-de-experiencias-gubernamentales-en-europa-2024\/' target=\"_self\">\n     <div class=\"uc_post_image\">\n     <img loading=\"lazy\" decoding=\"async\" src=\"https:\/\/annalindh.org.pe\/wp-content\/uploads\/2024\/01\/PASANTIA-VISITA-A-PLANTA-DE-RESIDUOS-SOLIDOS-DE-PORTIMAO-PORTUGAL-768x286.jpg\"  src=\"https:\/\/annalindh.org.pe\/wp-content\/uploads\/2024\/01\/PASANTIA-VISITA-A-PLANTA-DE-RESIDUOS-SOLIDOS-DE-PORTIMAO-PORTUGAL-768x286.jpg\" alt=\"PASANTIA-VISITA-A-PLANTA-DE-RESIDUOS-SOLIDOS-DE-PORTIMAO-PORTUGAL\" width=\"768\" height=\"286\">\n     <div class=\"uc_post_image_overlay\"><\/div>\n     <\/div>\n    <\/a>\n   \n  <div class=\"uc_content\">\n    <div>\n      <div class=\"uc_content-info-wrapper\" >\n             \n    \t        \t\t\t      \t\t\t\t<div class=\"uc_post_title\"><a class=\"\" href='https:\/\/annalindh.org.pe\/index.php\/2024\/01\/29\/invitacion-a-participar-de-las-pasantias-de-intercambio-de-experiencias-gubernamentales-en-europa-2024\/' target=\"_self\"><div class=\"ue_p_title\">Invitaci\u00f3n a Participar de las Pasant\u00edas de Intercambio de Experiencias Gubernamentales en Europa 2024<\/div><\/a><\/div>\n      \t\t\t          \t\n                      \n                      \n\t\t  \n      \t  <div class=\"ue-meta-data\">\n                        \n                        \n        \n\t\t\t\n                        \n                        \n                        \n                        \n            \t\t\t\n              \n            \n          <\/div>\n     \n                           \n     <\/div>\n      \t<\/div>\n  <\/div>\n  <\/div>\n\n\t\t<\/div>\n\t<\/div>\n\n\n\n  <div id=\"uc_post_grid_elementor_dbb461c_empty_message\" class=\"ue-no-posts-found\"  style=\"display:none\" >No posts found<\/div>\n\n\n\t\t\t<!-- end Post Grid -->\t\t<\/div>\n\t\t\t\t<\/div>\n\t\t\t\t\t<\/div>\n\t\t<\/div>\n\t\t\t\t\t\t\t<\/div>\n\t\t<\/section>\n\t\t\t\t\t\t\t<\/div>\n\t\t","protected":false},"excerpt":{"rendered":"<p>La ONG Anna Lindh y el Club de la Uni\u00f3n oficializaron la convocatoria para las postulaciones y nominaciones al Premio: \u201cOrgullo Peruano 2025\u201d. Invitaci\u00f3n a Participar de las Pasant\u00edas de Intercambio de Experiencias Gubernamentales en Europa 2025 Convocatorio al Premio Orgullo Peruano 2024 Invitaci\u00f3n a Participar de las Pasant\u00edas de Intercambio de Experiencias Gubernamentales en [&hellip;]<\/p>\n","protected":false},"author":1,"featured_media":0,"parent":0,"menu_order":0,"comment_status":"closed","ping_status":"closed","template":"","meta":{"footnotes":""},"_links":{"self":[{"href":"https:\/\/annalindh.org.pe\/index.php\/wp-json\/wp\/v2\/pages\/12"}],"collection":[{"href":"https:\/\/annalindh.org.pe\/index.php\/wp-json\/wp\/v2\/pages"}],"about":[{"href":"https:\/\/annalindh.org.pe\/index.php\/wp-json\/wp\/v2\/types\/page"}],"author":[{"embeddable":true,"href":"https:\/\/annalindh.org.pe\/index.php\/wp-json\/wp\/v2\/users\/1"}],"replies":[{"embeddable":true,"href":"https:\/\/annalindh.org.pe\/index.php\/wp-json\/wp\/v2\/comments?post=12"}],"version-history":[{"count":49,"href":"https:\/\/annalindh.org.pe\/index.php\/wp-json\/wp\/v2\/pages\/12\/revisions"}],"predecessor-version":[{"id":475,"href":"https:\/\/annalindh.org.pe\/index.php\/wp-json\/wp\/v2\/pages\/12\/revisions\/475"}],"wp:attachment":[{"href":"https:\/\/annalindh.org.pe\/index.php\/wp-json\/wp\/v2\/media?parent=12"}],"curies":[{"name":"wp","href":"https:\/\/api.w.org\/{rel}","templated":true}]}}