{"id":171,"date":"2024-01-15T18:59:55","date_gmt":"2024-01-15T18:59:55","guid":{"rendered":"http:\/\/annalindh.org.pe\/?page_id=171"},"modified":"2025-01-14T20:48:49","modified_gmt":"2025-01-14T20:48:49","slug":"pasantias","status":"publish","type":"page","link":"https:\/\/annalindh.org.pe\/index.php\/pasantias\/","title":{"rendered":"Pasantias"},"content":{"rendered":"\t\t<div data-elementor-type=\"wp-page\" data-elementor-id=\"171\" class=\"elementor elementor-171\">\n\t\t\t\t\t\t\t<header class=\"elementor-element elementor-element-e692206 e-flex e-con-boxed e-con e-parent\" data-id=\"e692206\" data-element_type=\"container\" data-settings=\"{&quot;background_background&quot;:&quot;classic&quot;,&quot;content_width&quot;:&quot;boxed&quot;}\" data-core-v316-plus=\"true\">\n\t\t\t\t\t<div class=\"e-con-inner\">\n\t\t\t\t<div class=\"elementor-element elementor-element-55436e3 elementor-widget elementor-widget-heading\" data-id=\"55436e3\" data-element_type=\"widget\" data-widget_type=\"heading.default\">\n\t\t\t\t<div class=\"elementor-widget-container\">\n\t\t\t<style>\/*! elementor - v3.18.0 - 20-12-2023 *\/\n.elementor-heading-title{padding:0;margin:0;line-height:1}.elementor-widget-heading .elementor-heading-title[class*=elementor-size-]>a{color:inherit;font-size:inherit;line-height:inherit}.elementor-widget-heading .elementor-heading-title.elementor-size-small{font-size:15px}.elementor-widget-heading .elementor-heading-title.elementor-size-medium{font-size:19px}.elementor-widget-heading .elementor-heading-title.elementor-size-large{font-size:29px}.elementor-widget-heading .elementor-heading-title.elementor-size-xl{font-size:39px}.elementor-widget-heading .elementor-heading-title.elementor-size-xxl{font-size:59px}<\/style><h1 class=\"elementor-heading-title elementor-size-default\">Pasant\u00edas<\/h1>\t\t<\/div>\n\t\t\t\t<\/div>\n\t\t\t\t\t<\/div>\n\t\t\t\t<\/header>\n\t\t<div class=\"elementor-element elementor-element-4f9b916 e-flex e-con-boxed e-con e-parent\" data-id=\"4f9b916\" data-element_type=\"container\" data-settings=\"{&quot;content_width&quot;:&quot;boxed&quot;}\" data-core-v316-plus=\"true\">\n\t\t\t\t\t<div class=\"e-con-inner\">\n\t\t\t\t<div class=\"elementor-element elementor-element-9e4360a elementor-widget elementor-widget-heading\" data-id=\"9e4360a\" data-element_type=\"widget\" data-widget_type=\"heading.default\">\n\t\t\t\t<div class=\"elementor-widget-container\">\n\t\t\t<h2 class=\"elementor-heading-title elementor-size-default\">Invitaci\u00f3n a Participar de las Pasant\u00edas de Intercambio de Experiencias Gubernamentales en Europa 2025<\/h2>\t\t<\/div>\n\t\t\t\t<\/div>\n\t\t\t\t<div class=\"elementor-element elementor-element-94e7aac elementor-widget elementor-widget-text-editor\" data-id=\"94e7aac\" data-element_type=\"widget\" data-widget_type=\"text-editor.default\">\n\t\t\t\t<div class=\"elementor-widget-container\">\n\t\t\t<style>\/*! elementor - v3.18.0 - 20-12-2023 *\/\n.elementor-widget-text-editor.elementor-drop-cap-view-stacked .elementor-drop-cap{background-color:#69727d;color:#fff}.elementor-widget-text-editor.elementor-drop-cap-view-framed .elementor-drop-cap{color:#69727d;border:3px solid;background-color:transparent}.elementor-widget-text-editor:not(.elementor-drop-cap-view-default) .elementor-drop-cap{margin-top:8px}.elementor-widget-text-editor:not(.elementor-drop-cap-view-default) .elementor-drop-cap-letter{width:1em;height:1em}.elementor-widget-text-editor .elementor-drop-cap{float:left;text-align:center;line-height:1;font-size:50px}.elementor-widget-text-editor .elementor-drop-cap-letter{display:inline-block}<\/style>\t\t\t\t<p>ANNA LINDH, en su compromiso de fomentar el desarrollo sostenible, promoviendo la Responsabilidad Social, el fortalecimiento de la gobernanza y la inversi\u00f3n p\u00fablica responsable, realizar\u00e1 por d\u00e9cimo segundo a\u00f1o consecutivo este 2025 \u00abPasant\u00ed\u00adas de Intercambio de Experiencias Gubernamentales\u00bb, en las que podr\u00e1n participar funcionarios p\u00fablicos del Gobierno Central, Gobiernos Regionales, Municipalidades y dem\u00e1s organismos estatales, que est\u00e9n interesados en compartir sus experiencias con sus similares en Europa, reforzando sus conocimientos en la modernizaci\u00f3n de la gesti\u00f3n p\u00fablica.<\/p><p>Dichas Pasant\u00ed\u00adas tendr\u00e1n las siguientes tem\u00e1ticas:\u00a0\u00a0<\/p><ul><li><strong>POL\u00cdTICAS Y ESTRATEGIAS PARA UNA CIUDAD INTELIGENTE (SMART CITY): <\/strong>Una ciudad inteligente es aquella que usa intensivamente la tecnolog\u00ed\u00ada en todas las \u00e1reas de su desarrollo (salud, educaci\u00f3n, transporte, eficiencia energ\u00e9tica, ambiente, comunicaciones, seguridad ciudadana, etc.), para generar una mejor calidad de vida y una gesti\u00f3n eficiente de los servicios p\u00fablicos, convirti\u00e9ndose en s\u00ed\u00ad misma como innovadora y sostenible, al proteger el medio ambiente en todos sus procesos; considerando ello, este evento pondr\u00e1 \u00e9nfasis en el tema del \u00abConocimiento del Municipalismo Smart\u00bb.<\/li><\/ul><p>\u00a0<\/p><ul><li><strong>LUCHA CONTRA LA CORRUPCI\u00d3N<\/strong><strong>:<\/strong><strong>\u00a0<\/strong>Teniendo en cuenta que la corrupci\u00f3n es uno de los males que aqueja a nuestro pa\u00ed\u00ads y su repercusi\u00f3n en nuestro desarrollo socioecon\u00f3mico, se buscar\u00e1 fomentar el fortalecimiento de la gobernanza y la promoci\u00f3n de una inversi\u00f3n p\u00fablica responsable, para lo cual se contar\u00e1 con la participaci\u00f3n de representantes de organismos internacionales especialistas en su tratamiento.<\/li><\/ul><p>\u00a0<\/p><ul><li><strong>GESTI\u00d3N DEL AGUA: <\/strong>\u00a0Tema elegido debido a la problem\u00e1tica que ha originado la contaminaci\u00f3n ambiental (desaparici\u00f3n de zonas h\u00famedas, 3 500 especies amenazadas, contaminaci\u00f3n de los r\u00ed\u00ados, 30% de especies de peces amenazadas y con el 25% de los ecosistemas fluviales en riesgo de desaparici\u00f3n) y la urgente necesidad de pol\u00edticas p\u00fablicas para contrarrestarla. Se pondr\u00e1 \u00e9nfasis en el tema de la \u00abMejora de la prestaci\u00f3n de los servicios de saneamiento aplicando altas tecnolog\u00edas en el tratamiento del agua\u00bb, program\u00e1ndose visitas a principales represas de Europa y Empresas de Saneamiento Municipales.<\/li><\/ul><p>\u00a0<\/p><ul><li><strong>GESTI\u00d3N EN TURISMO: <\/strong>Considerando que el Per\u00fa muestra al mundo m\u00e1s de diez lugares reconocidos por la UNESCO como Patrimonios de la Humanidad, y el valioso legado cultural de valor universal que proyectamos, este evento se centrar\u00e1n en las \u00abPol\u00ed\u00adticas p\u00fablicas para la protecci\u00f3n y conservaci\u00f3n de patrimonios arqueol\u00f3gicos e hist\u00f3ricos\u00bb.<\/li><\/ul><p>\u00a0<\/p><ul><li><strong>AGRICULTURA SOSTENIBLE<\/strong>: La agricultura, actividad econ\u00f3mica de vital importancia en el pa\u00eds, ser\u00e1 el eje central de esta pasant\u00eda, haci\u00e9ndose hincapi\u00e9 en la gesti\u00f3n de los recursos naturales, la creaci\u00f3n de planes y programas de asistencia t\u00e9cnica y negocios para productores, las estrategias pol\u00edticas para enfrentar las amenazas del cambio clim\u00e1tico en el sector agr\u00edcola y el rol econ\u00f3mico de la agricultura en los pa\u00edses, sin dejar de lado las innovaciones tecnol\u00f3gicas en el desarrollo de la agricultura org\u00e1nica y en la elaboraci\u00f3n y ejecuci\u00f3n proyectos emblem\u00e1ticos de infraestructura hidr\u00e1ulica.\u00a0\u00a0\u00a0\u00a0\u00a0\u00a0\u00a0\u00a0<\/li><\/ul><p>\u00a0<\/p><ul><li><strong>GANADER\u00cdA SOSTENIBLE: <\/strong>La ganader\u00eda, otra actividad principal del sector rural de nuestro pa\u00ed\u00ads, tendr\u00e1 espacio en esta otra pasant\u00ed\u00ada, dedicada a desarrollar el tema de los sistemas sostenibles de producci\u00f3n pecuaria (que incluir\u00e1 la innovaci\u00f3n de los sistemas silvopastoriles como alternativa de sustentabilidad social, econ\u00f3mica y ambiental), centros\u00a0 tecnificados con tecnolog\u00ed\u00ada de punta de crianza ganadera, los planes y programas p\u00fablicos de asistencia y de inversi\u00f3n a favor de los productores ganaderos, las estrategias frente al cambio clim\u00e1tico y el rol econ\u00f3mico de la ganader\u00ed\u00ada en los pa\u00edses.<\/li><\/ul><p>\u00a0<\/p><ul><li><strong>DESARROLLO PRODUCTIVO VITIVIN\u00cdCOLA: <\/strong>Teniendo en cuenta que la actividad vitivin\u00edcola es principal en varias localidades del pa\u00eds, se reforzar\u00e1n los conocimientos en pol\u00ed\u00adticas gubernamentales y estrategias del sector empresarial en la promoci\u00f3n del desarrollo productivo vitivin\u00edcola, incluyendo un recorrido por los principales vi\u00f1edos del pa\u00ed\u00ads de visita, que permitir\u00e1 adem\u00e1s promocionar la importante producci\u00f3n nacional en el extranjero.<\/li><\/ul>\t\t\t\t\t\t<\/div>\n\t\t\t\t<\/div>\n\t\t\t\t<div class=\"elementor-element elementor-element-f2b543e elementor-widget elementor-widget-text-editor\" data-id=\"f2b543e\" data-element_type=\"widget\" data-widget_type=\"text-editor.default\">\n\t\t\t\t<div class=\"elementor-widget-container\">\n\t\t\t\t\t\t\t<p style=\"text-align: center;\"><strong>Para mayor informaci\u00f3n podr\u00e1n contactar con la se\u00f1orita Luisa Navarro al email\u00a0<a href=\"mailto:pasantias@annalindh.org.pe\">pasantias@annalindh.org.pe<\/a>\u00a0quien con mucho gusto les brindar\u00e1 toda la informaci\u00f3n de cada una de las pasant\u00edas programadas.<\/strong><\/p>\t\t\t\t\t\t<\/div>\n\t\t\t\t<\/div>\n\t\t\t\t\t<\/div>\n\t\t\t\t<\/div>\n\t\t\t\t\t\t\t<\/div>\n\t\t","protected":false},"excerpt":{"rendered":"<p>Pasant\u00edas Invitaci\u00f3n a Participar de las Pasant\u00edas de Intercambio de Experiencias Gubernamentales en Europa 2025 ANNA LINDH, en su compromiso de fomentar el desarrollo sostenible, promoviendo la Responsabilidad Social, el fortalecimiento de la gobernanza y la inversi\u00f3n p\u00fablica responsable, realizar\u00e1 por d\u00e9cimo segundo a\u00f1o consecutivo este 2025 \u00abPasant\u00ed\u00adas de Intercambio de Experiencias Gubernamentales\u00bb, en las [&hellip;]<\/p>\n","protected":false},"author":1,"featured_media":0,"parent":0,"menu_order":0,"comment_status":"closed","ping_status":"closed","template":"","meta":{"footnotes":""},"_links":{"self":[{"href":"https:\/\/annalindh.org.pe\/index.php\/wp-json\/wp\/v2\/pages\/171"}],"collection":[{"href":"https:\/\/annalindh.org.pe\/index.php\/wp-json\/wp\/v2\/pages"}],"about":[{"href":"https:\/\/annalindh.org.pe\/index.php\/wp-json\/wp\/v2\/types\/page"}],"author":[{"embeddable":true,"href":"https:\/\/annalindh.org.pe\/index.php\/wp-json\/wp\/v2\/users\/1"}],"replies":[{"embeddable":true,"href":"https:\/\/annalindh.org.pe\/index.php\/wp-json\/wp\/v2\/comments?post=171"}],"version-history":[{"count":34,"href":"https:\/\/annalindh.org.pe\/index.php\/wp-json\/wp\/v2\/pages\/171\/revisions"}],"predecessor-version":[{"id":471,"href":"https:\/\/annalindh.org.pe\/index.php\/wp-json\/wp\/v2\/pages\/171\/revisions\/471"}],"wp:attachment":[{"href":"https:\/\/annalindh.org.pe\/index.php\/wp-json\/wp\/v2\/media?parent=171"}],"curies":[{"name":"wp","href":"https:\/\/api.w.org\/{rel}","templated":true}]}}