{"id":446,"date":"2025-01-14T19:44:59","date_gmt":"2025-01-14T19:44:59","guid":{"rendered":"https:\/\/annalindh.org.pe\/?page_id=446"},"modified":"2025-01-14T20:33:08","modified_gmt":"2025-01-14T20:33:08","slug":"convocatoria-orgullo-peruano","status":"publish","type":"page","link":"https:\/\/annalindh.org.pe\/index.php\/convocatoria-orgullo-peruano\/","title":{"rendered":"Convocatoria Orgullo Peruano"},"content":{"rendered":"\t\t<div data-elementor-type=\"wp-page\" data-elementor-id=\"446\" class=\"elementor elementor-446\">\n\t\t\t\t\t\t\t<div class=\"elementor-element elementor-element-c8d54d2 e-flex e-con-boxed e-con e-parent\" data-id=\"c8d54d2\" data-element_type=\"container\" data-settings=\"{&quot;content_width&quot;:&quot;boxed&quot;}\" data-core-v316-plus=\"true\">\n\t\t\t\t\t<div class=\"e-con-inner\">\n\t\t\t\t<div class=\"elementor-element elementor-element-f032548 elementor-widget elementor-widget-heading\" data-id=\"f032548\" data-element_type=\"widget\" data-widget_type=\"heading.default\">\n\t\t\t\t<div class=\"elementor-widget-container\">\n\t\t\t<style>\/*! elementor - v3.18.0 - 20-12-2023 *\/\n.elementor-heading-title{padding:0;margin:0;line-height:1}.elementor-widget-heading .elementor-heading-title[class*=elementor-size-]>a{color:inherit;font-size:inherit;line-height:inherit}.elementor-widget-heading .elementor-heading-title.elementor-size-small{font-size:15px}.elementor-widget-heading .elementor-heading-title.elementor-size-medium{font-size:19px}.elementor-widget-heading .elementor-heading-title.elementor-size-large{font-size:29px}.elementor-widget-heading .elementor-heading-title.elementor-size-xl{font-size:39px}.elementor-widget-heading .elementor-heading-title.elementor-size-xxl{font-size:59px}<\/style><h2 class=\"elementor-heading-title elementor-size-default\">La ONG Anna Lindh y el Club de la Uni\u00f3n oficializaron la convocatoria para las postulaciones y nominaciones al Premio: \u201cOrgullo Peruano 2025\u201d.<\/h2>\t\t<\/div>\n\t\t\t\t<\/div>\n\t\t<div class=\"elementor-element elementor-element-371c481 e-flex e-con-boxed e-con e-child\" data-id=\"371c481\" data-element_type=\"container\" data-settings=\"{&quot;content_width&quot;:&quot;boxed&quot;}\">\n\t\t\t\t\t<div class=\"e-con-inner\">\n\t\t<div class=\"elementor-element elementor-element-b8e4faf e-flex e-con-boxed e-con e-child\" data-id=\"b8e4faf\" data-element_type=\"container\" data-settings=\"{&quot;content_width&quot;:&quot;boxed&quot;}\">\n\t\t\t\t\t<div class=\"e-con-inner\">\n\t\t\t\t<div class=\"elementor-element elementor-element-fbb3eee elementor-widget elementor-widget-text-editor\" data-id=\"fbb3eee\" data-element_type=\"widget\" data-widget_type=\"text-editor.default\">\n\t\t\t\t<div class=\"elementor-widget-container\">\n\t\t\t<style>\/*! elementor - v3.18.0 - 20-12-2023 *\/\n.elementor-widget-text-editor.elementor-drop-cap-view-stacked .elementor-drop-cap{background-color:#69727d;color:#fff}.elementor-widget-text-editor.elementor-drop-cap-view-framed .elementor-drop-cap{color:#69727d;border:3px solid;background-color:transparent}.elementor-widget-text-editor:not(.elementor-drop-cap-view-default) .elementor-drop-cap{margin-top:8px}.elementor-widget-text-editor:not(.elementor-drop-cap-view-default) .elementor-drop-cap-letter{width:1em;height:1em}.elementor-widget-text-editor .elementor-drop-cap{float:left;text-align:center;line-height:1;font-size:50px}.elementor-widget-text-editor .elementor-drop-cap-letter{display:inline-block}<\/style>\t\t\t\t<p>\u00a0\u00a0 El Premio \u201cORGULLO PERUANO\u201d es el trofeo de cristal que se otorga anualmente de forma exclusiva a un selecto grupo de peruanos residentes en cualquier parte del mundo, en reconocimiento a su destacada trayectoria de \u00e9xito que engrandece nuestro Pa\u00eds y enorgullece a los peruanos. \u00a0<a href=\"http:\/\/www.orgulloperuano.pe\">www.orgulloperuano.pe<\/a>\u00a0\u00a0\u00a0 \u00a0\u00a0\u00a0\u00a0\u00a0\u00a0<\/p><p>Nuestro certamen es el evento de premiaci\u00f3n m\u00e1s exclusivo del Per\u00fa con un formato inigualable de cinco d\u00edas protocolares, se realizara del 13 al 17 de octubre y durante esa semana visitaremos las principales sedes gubernamentales de nuestro pa\u00eds, para que nuestros ganadores reciban los honores correspondientes de nuestras autoridades y nuestra central de operaciones ser\u00e1 como ya es costumbre, el hist\u00f3rico Club de la Uni\u00f3n en el centro de Lima.<\/p><p>Nuestra organizaci\u00f3n que inici\u00f3 su ardua labor el a\u00f1o 2008, ha reconocido con tal distinci\u00f3n durante estos a\u00f1os a 341 exitosos ganadores (297 peruanos residentes en el exterior, 38 residentes en Per\u00fa y 6 extranjeros en la categor\u00eda Extranjero Solidario.)<\/p><p><strong>El Premio ser\u00e1 <\/strong><strong>otorgado en <\/strong><strong>ocho categor\u00edas:<\/strong><\/p><p><strong>Podr\u00e1n postular al Premio todos los peruanos residentes en cualquier pa\u00eds del mundo, quienes por su esfuerzo, dedicaci\u00f3n y buenas pr\u00e1cticas hayan logrado el \u00e9xito personal, profesional o empresarial y demuestren una excelente trayectoria que es fuente de inspiraci\u00f3n a nivel nacional e internacional.<\/strong><\/p>\t\t\t\t\t\t<\/div>\n\t\t\t\t<\/div>\n\t\t\t\t\t<\/div>\n\t\t\t\t<\/div>\n\t\t<div class=\"elementor-element elementor-element-34a776e e-flex e-con-boxed e-con e-child\" data-id=\"34a776e\" data-element_type=\"container\" data-settings=\"{&quot;content_width&quot;:&quot;boxed&quot;}\">\n\t\t\t\t\t<div class=\"e-con-inner\">\n\t\t\t\t<div class=\"elementor-element elementor-element-3e7ee9e elementor-position-top elementor-widget elementor-widget-image-box\" data-id=\"3e7ee9e\" data-element_type=\"widget\" data-widget_type=\"image-box.default\">\n\t\t\t\t<div class=\"elementor-widget-container\">\n\t\t\t<style>\/*! elementor - v3.18.0 - 20-12-2023 *\/\n.elementor-widget-image-box .elementor-image-box-content{width:100%}@media (min-width:768px){.elementor-widget-image-box.elementor-position-left .elementor-image-box-wrapper,.elementor-widget-image-box.elementor-position-right .elementor-image-box-wrapper{display:flex}.elementor-widget-image-box.elementor-position-right .elementor-image-box-wrapper{text-align:right;flex-direction:row-reverse}.elementor-widget-image-box.elementor-position-left .elementor-image-box-wrapper{text-align:left;flex-direction:row}.elementor-widget-image-box.elementor-position-top .elementor-image-box-img{margin:auto}.elementor-widget-image-box.elementor-vertical-align-top .elementor-image-box-wrapper{align-items:flex-start}.elementor-widget-image-box.elementor-vertical-align-middle .elementor-image-box-wrapper{align-items:center}.elementor-widget-image-box.elementor-vertical-align-bottom .elementor-image-box-wrapper{align-items:flex-end}}@media (max-width:767px){.elementor-widget-image-box .elementor-image-box-img{margin-left:auto!important;margin-right:auto!important;margin-bottom:15px}}.elementor-widget-image-box .elementor-image-box-img{display:inline-block}.elementor-widget-image-box .elementor-image-box-title a{color:inherit}.elementor-widget-image-box .elementor-image-box-wrapper{text-align:center}.elementor-widget-image-box .elementor-image-box-description{margin:0}<\/style><div class=\"elementor-image-box-wrapper\"><figure class=\"elementor-image-box-img\"><img fetchpriority=\"high\" decoding=\"async\" width=\"1108\" height=\"513\" src=\"https:\/\/annalindh.org.pe\/wp-content\/uploads\/2025\/01\/2024-01.jpg\" class=\"attachment-full size-full wp-image-452\" alt=\"\" srcset=\"https:\/\/annalindh.org.pe\/wp-content\/uploads\/2025\/01\/2024-01.jpg 1108w, https:\/\/annalindh.org.pe\/wp-content\/uploads\/2025\/01\/2024-01-300x139.jpg 300w, https:\/\/annalindh.org.pe\/wp-content\/uploads\/2025\/01\/2024-01-1024x474.jpg 1024w, https:\/\/annalindh.org.pe\/wp-content\/uploads\/2025\/01\/2024-01-768x356.jpg 768w\" sizes=\"(max-width: 1108px) 100vw, 1108px\" \/><\/figure><\/div>\t\t<\/div>\n\t\t\t\t<\/div>\n\t\t\t\t\t<\/div>\n\t\t\t\t<\/div>\n\t\t\t\t\t<\/div>\n\t\t\t\t<\/div>\n\t\t\t\t<div class=\"elementor-element elementor-element-46dd212 elementor-widget elementor-widget-text-editor\" data-id=\"46dd212\" data-element_type=\"widget\" data-widget_type=\"text-editor.default\">\n\t\t\t\t<div class=\"elementor-widget-container\">\n\t\t\t\t\t\t\t<p><strong>1-\u00a0\u00a0 Profesional Exitoso: <\/strong>Por su labor y aporte al desarrollo de la educaci\u00f3n, salud, ciencia, econom\u00eda, deporte y\/o tecnolog\u00eda en beneficio de su localidad, aplicando sus conocimientos con gran profesionalismo y alto sentido \u00e9tico.<\/p><p><strong>2-\u00a0 Emprendedor Exitoso:<\/strong> Por su esfuerzo, emprendimiento y creatividad por haber formado su propio negocio o empresa en Per\u00fa o en el extranjero.<\/p><p><strong>3-\u00a0 Empresa o Asociaci\u00f3n Exitosa:<\/strong> Por destacar en el sector empresarial (grande, mediana o peque\u00f1a) o en una organizaci\u00f3n social. En ambos casos se busca resaltar las buenas pr\u00e1cticas sociales y\/o empresariales, acciones filantr\u00f3picas y de responsabilidad social en la comunidad donde residen.<\/p><p><strong>4- Artista Exitoso:<\/strong> Por su esfuerzo emprendimiento y creatividad en difundir nuestra cultura a trav\u00e9s de las diferentes manifestaciones art\u00edsticas como la m\u00fasica, la danza, el folklore, la pintura, el canto, resaltando as\u00ed la identidad peruana.<\/p><p><strong>5- Deportista Exitoso:<\/strong> Por su capacidad y determinaci\u00f3n en el sector deportivo nacional e internacional y destacar en cualquiera de las diversas disciplinas deportivas.<\/p><p><strong>6- Chef Exitoso:<\/strong> Por destacar en el sector gastron\u00f3mico con emprendimiento y creatividad, difundiendo nuestra milenaria cultura culinaria resaltando de esta manera, la identidad peruana.<\/p><p><strong>7- Autoridad o Funcionario Publico Ejemplar:<\/strong>\u00a0 Por destacar como funcionario o autoridad p\u00fablica cuya gesti\u00f3n demuestre ser transparente y comprometida con la lucha contra la corrupci\u00f3n, pobreza y cuidado del medio ambiente.<\/p><p><strong>8- Extranjero Solidario:<\/strong> Dirigida a las personas de cualquier nacionalidad, (menos peruana) que se solidarizan y ayudan de diferentes formas a las comunidades peruanas y colaboran con actividades que promueven el fortalecimiento de la identidad peruana.<\/p>\t\t\t\t\t\t<\/div>\n\t\t\t\t<\/div>\n\t\t<div class=\"elementor-element elementor-element-e2f4529 e-flex e-con-boxed e-con e-child\" data-id=\"e2f4529\" data-element_type=\"container\" data-settings=\"{&quot;content_width&quot;:&quot;boxed&quot;}\">\n\t\t\t\t\t<div class=\"e-con-inner\">\n\t\t<div class=\"elementor-element elementor-element-60fc498 e-flex e-con-boxed e-con e-child\" data-id=\"60fc498\" data-element_type=\"container\" data-settings=\"{&quot;content_width&quot;:&quot;boxed&quot;}\">\n\t\t\t\t\t<div class=\"e-con-inner\">\n\t\t\t\t<div class=\"elementor-element elementor-element-2eaa155 elementor-widget elementor-widget-heading\" data-id=\"2eaa155\" data-element_type=\"widget\" data-widget_type=\"heading.default\">\n\t\t\t\t<div class=\"elementor-widget-container\">\n\t\t\t<h2 class=\"elementor-heading-title elementor-size-default\">Si quiere Postular<\/h2>\t\t<\/div>\n\t\t\t\t<\/div>\n\t\t\t\t<div class=\"elementor-element elementor-element-4875620 elementor-widget elementor-widget-button\" data-id=\"4875620\" data-element_type=\"widget\" data-widget_type=\"button.default\">\n\t\t\t\t<div class=\"elementor-widget-container\">\n\t\t\t\t\t<div class=\"elementor-button-wrapper\">\n\t\t\t<a class=\"elementor-button elementor-button-link elementor-size-sm\" href=\"https:\/\/orgulloperuano.pe\/autopostule-al-premio-orgullo-peruano\/%20\">\n\t\t\t\t\t\t<span class=\"elementor-button-content-wrapper\">\n\t\t\t\t\t\t<span class=\"elementor-button-text\">Haz clic aqu\u00ed<\/span>\n\t\t<\/span>\n\t\t\t\t\t<\/a>\n\t\t<\/div>\n\t\t\t\t<\/div>\n\t\t\t\t<\/div>\n\t\t\t\t\t<\/div>\n\t\t\t\t<\/div>\n\t\t<div class=\"elementor-element elementor-element-1102f4e e-flex e-con-boxed e-con e-child\" data-id=\"1102f4e\" data-element_type=\"container\" data-settings=\"{&quot;content_width&quot;:&quot;boxed&quot;}\">\n\t\t\t\t\t<div class=\"e-con-inner\">\n\t\t\t\t<div class=\"elementor-element elementor-element-28389ae elementor-widget elementor-widget-heading\" data-id=\"28389ae\" data-element_type=\"widget\" data-widget_type=\"heading.default\">\n\t\t\t\t<div class=\"elementor-widget-container\">\n\t\t\t<h2 class=\"elementor-heading-title elementor-size-default\">Si quiere Nominar <\/h2>\t\t<\/div>\n\t\t\t\t<\/div>\n\t\t\t\t<div class=\"elementor-element elementor-element-a4afd73 elementor-widget elementor-widget-button\" data-id=\"a4afd73\" data-element_type=\"widget\" data-widget_type=\"button.default\">\n\t\t\t\t<div class=\"elementor-widget-container\">\n\t\t\t\t\t<div class=\"elementor-button-wrapper\">\n\t\t\t<a class=\"elementor-button elementor-button-link elementor-size-sm\" href=\"https:\/\/orgulloperuano.pe\/nomine-o-recomiende\/\">\n\t\t\t\t\t\t<span class=\"elementor-button-content-wrapper\">\n\t\t\t\t\t\t<span class=\"elementor-button-text\">Haz clic aqu\u00ed<\/span>\n\t\t<\/span>\n\t\t\t\t\t<\/a>\n\t\t<\/div>\n\t\t\t\t<\/div>\n\t\t\t\t<\/div>\n\t\t\t\t\t<\/div>\n\t\t\t\t<\/div>\n\t\t\t\t\t<\/div>\n\t\t\t\t<\/div>\n\t\t\t\t<div class=\"elementor-element elementor-element-ce2f9a8 elementor-widget elementor-widget-text-editor\" data-id=\"ce2f9a8\" data-element_type=\"widget\" data-widget_type=\"text-editor.default\">\n\t\t\t\t<div class=\"elementor-widget-container\">\n\t\t\t\t\t\t\t<p style=\"text-align: center;\">Si tienes preguntas o necesitas ayuda, escr\u00edbenos y te atenderemos con gusto.\u00a0<\/p><p style=\"text-align: center;\">Atentamente,\u00a0<\/p><p style=\"text-align: center;\"><strong>Paula Ramos<\/strong><br \/>Coordinadora de Postulantes y nominados<br \/><a href=\"mailto:concursantes@orgulloperuano.pe\">concursantes@orgulloperuano.pe<\/a><\/p>\t\t\t\t\t\t<\/div>\n\t\t\t\t<\/div>\n\t\t\t\t\t<\/div>\n\t\t\t\t<\/div>\n\t\t\t\t\t\t\t<\/div>\n\t\t","protected":false},"excerpt":{"rendered":"<p>La ONG Anna Lindh y el Club de la Uni\u00f3n oficializaron la convocatoria para las postulaciones y nominaciones al Premio: \u201cOrgullo Peruano 2025\u201d. \u00a0\u00a0 El Premio \u201cORGULLO PERUANO\u201d es el trofeo de cristal que se otorga anualmente de forma exclusiva a un selecto grupo de peruanos residentes en cualquier parte del mundo, en reconocimiento a [&hellip;]<\/p>\n","protected":false},"author":1,"featured_media":0,"parent":0,"menu_order":0,"comment_status":"closed","ping_status":"closed","template":"","meta":{"footnotes":""},"_links":{"self":[{"href":"https:\/\/annalindh.org.pe\/index.php\/wp-json\/wp\/v2\/pages\/446"}],"collection":[{"href":"https:\/\/annalindh.org.pe\/index.php\/wp-json\/wp\/v2\/pages"}],"about":[{"href":"https:\/\/annalindh.org.pe\/index.php\/wp-json\/wp\/v2\/types\/page"}],"author":[{"embeddable":true,"href":"https:\/\/annalindh.org.pe\/index.php\/wp-json\/wp\/v2\/users\/1"}],"replies":[{"embeddable":true,"href":"https:\/\/annalindh.org.pe\/index.php\/wp-json\/wp\/v2\/comments?post=446"}],"version-history":[{"count":10,"href":"https:\/\/annalindh.org.pe\/index.php\/wp-json\/wp\/v2\/pages\/446\/revisions"}],"predecessor-version":[{"id":463,"href":"https:\/\/annalindh.org.pe\/index.php\/wp-json\/wp\/v2\/pages\/446\/revisions\/463"}],"wp:attachment":[{"href":"https:\/\/annalindh.org.pe\/index.php\/wp-json\/wp\/v2\/media?parent=446"}],"curies":[{"name":"wp","href":"https:\/\/api.w.org\/{rel}","templated":true}]}}